{"id":60,"date":"2014-05-15T17:54:58","date_gmt":"2014-05-15T17:54:58","guid":{"rendered":"http:\/\/revistaunar.com.br\/cientifica\/?page_id=60"},"modified":"2018-11-01T18:38:50","modified_gmt":"2018-11-01T18:38:50","slug":"volume-7-no1-2013","status":"publish","type":"page","link":"http:\/\/revistaunar.com.br\/cientifica\/volumes-publicados\/volume-7-no1-2013","title":{"rendered":"Volume 7-n\u00ba1-2013"},"content":{"rendered":"<h1 style=\"text-align: center;\">Volume 7 \u2013 N\u00ba 1 \u2013 2013<\/h1>\n<p><a href=\"https:\/\/revistaunar.com.br\/cientifica\/documentos\/vol7_n1_2013\/0_1sumario.pdf\">SUM\u00c1RIO<\/a><\/p>\n<p><a href=\"https:\/\/revistaunar.com.br\/cientifica\/documentos\/vol7_n1_2013\/1_adequacao_bioclimatica.pdf\">1. ADEQUA\u00c7\u00c3O BIOCLIM\u00c1TICA DE UM PROJETO DE HABITA\u00c7\u00c3O DE INTERESSE SOCIAL<\/a>\u00a0&#8211;\u00a0Jussara Camargo de Ara\u00fajo \/ Helenice Maria Sacht<br \/>\n<a href=\"https:\/\/revistaunar.com.br\/cientifica\/documentos\/vol7_n1_2013\/2_a_importancia_da_gestao_escolar_democratica.pdf\">2. A IMPORT\u00c2NCIA DA GEST\u00c3O ESCOLAR DEMOCR\u00c1TICA<\/a>\u00a0&#8211;\u00a0Nanci de Campos Moraes \/ J\u00falia Antonietta Sim\u00f5es Felgar<br \/>\n<a href=\"https:\/\/revistaunar.com.br\/cientifica\/documentos\/vol7_n1_2013\/3_a_importancia_da_pratica_estagio.pdf\">3. A IMPORT\u00c2NCIA DA PR\u00c1TICA DO EST\u00c1GIO SUPERVISIONADO NAS LICENCIATURAS<\/a>\u00a0&#8211;\u00a0Izabel Cristina Scalabrin \/ Adriana Maria Corder Molinari<br \/>\n<a href=\"https:\/\/revistaunar.com.br\/cientifica\/documentos\/vol7_n1_2013\/4_a_importancia_dos_protocolos_cooperacao.pdf\">4. A IMPORT\u00c2NCIA DOS PROTOCOLOS DE COOPERA\u00c7\u00c3O NO COMBATE AO USO DE MADEIRA ILEGAL NA CONSTRU\u00c7\u00c3O CIVIL NO ESTADO DE S\u00c3O PAULO<\/a>\u00a0&#8211;\u00a0Fabio Jo\u00e3o Paulo Di Mauro<br \/>\n<a href=\"https:\/\/revistaunar.com.br\/cientifica\/documentos\/vol7_n1_2013\/5_analise_das_condicoes_acessibilidade.pdf\">5. AN\u00c1LISE DAS CONDI\u00c7\u00d5ES DE ACESSIBILIDADE PARA PESSOA PORTADORA DE DEFICI\u00caNCIA OU COM MOBILIDADE REDUZIDA EM ESCOLAS DA CIDADE DE RIO CLARO, SP<\/a>\u00a0&#8211;\u00a0Jonas Leandro Biotto \/ Ivan Carlos Zampin<br \/>\n<a href=\"https:\/\/revistaunar.com.br\/cientifica\/documentos\/vol7_n1_2013\/6_a_politica_nacional_de_inclusao.pdf\">6. A POL\u00cdTICA NACIONAL DE INCLUS\u00c3O E O PROCESSO DE APRENDIZAGEM DE ALUNOS SURDOS<\/a>\u00a0&#8211;\u00a0Gislaine Sanchez Luperini<br \/>\n<a href=\"https:\/\/revistaunar.com.br\/cientifica\/documentos\/vol7_n1_2013\/7_a_repercusao_da_reforma_universitaria.pdf\">7. A REPERCUSS\u00c3O DA REFORMA UNIVERSIT\u00c1RIA DE 1968 NE ATUALIDADE BRASILEIRA<\/a>\u00a0&#8211;\u00a0H\u00e9lder Henrique J. Gasperoto \/ Sebasti\u00e3o Donizeti Bazon<br \/>\n<a href=\"https:\/\/revistaunar.com.br\/cientifica\/documentos\/vol7_n1_2013\/8_a_urbanizacao_de_araras.pdf\">8. A URBANIZA\u00c7\u00c3O DE ARARAS-SP NO PER\u00cdODO ENTRE AS D\u00c9CADAS DE 1930 A 1970<\/a>\u00a0&#8211;\u00a0Adriano Piva \/ Renata Luigia C. Garcia<br \/>\n<a href=\"https:\/\/revistaunar.com.br\/cientifica\/documentos\/vol7_n1_2013\/9_contribuicoes_em_bakthin_vygotsky.pdf\">9. CONTRIBUI\u00c7\u00d5ES EM BAKTHIN E VYGOTSKY PARA AS REFLEX\u00d5ES SOBRE FORMA\u00c7\u00c3O DE PROFESSORES E AS POL\u00cdTICAS EDUCACIONAIS<\/a>\u00a0&#8211;\u00a0Maria de Lourdes C. S. Santos<br \/>\n<a href=\"https:\/\/revistaunar.com.br\/cientifica\/documentos\/vol7_n1_2013\/10_deposicao_de_residuos_solidos.pdf\">10. DEPOSI\u00c7\u00c3O DE RES\u00cdDUOS S\u00d3LIDOS NA CIDADE DE LEME-SP<\/a>\u00a0&#8211;\u00a0Fernanda Bueno \/ H\u00e9lder Henrique J. Gasperoto<\/p>\n<p style=\"text-align: right; font-size: 12px;\"><a href=\"https:\/\/revistaunar.com.br\/cientifica\/volumes-publicados\">VOLTAR<\/a><\/p>\n","protected":false},"excerpt":{"rendered":"<p>Volume 7 \u2013 N\u00ba 1 \u2013 2013 SUM\u00c1RIO 1. ADEQUA\u00c7\u00c3O BIOCLIM\u00c1TICA DE UM PROJETO DE HABITA\u00c7\u00c3O DE INTERESSE SOCIAL\u00a0&#8211;\u00a0Jussara Camargo de Ara\u00fajo \/ Helenice Maria Sacht 2. A IMPORT\u00c2NCIA DA GEST\u00c3O ESCOLAR DEMOCR\u00c1TICA\u00a0&#8211;\u00a0Nanci de Campos Moraes \/ J\u00falia Antonietta Sim\u00f5es Felgar 3. A IMPORT\u00c2NCIA DA PR\u00c1TICA DO EST\u00c1GIO SUPERVISIONADO NAS LICENCIATURAS\u00a0&#8211;\u00a0Izabel Cristina Scalabrin \/ Adriana [&hellip;]<\/p>\n","protected":false},"author":1,"featured_media":0,"parent":24,"menu_order":9,"comment_status":"closed","ping_status":"open","template":"full-width-page.php","meta":{"_mi_skip_tracking":false},"_links":{"self":[{"href":"http:\/\/revistaunar.com.br\/cientifica\/wp-json\/wp\/v2\/pages\/60"}],"collection":[{"href":"http:\/\/revistaunar.com.br\/cientifica\/wp-json\/wp\/v2\/pages"}],"about":[{"href":"http:\/\/revistaunar.com.br\/cientifica\/wp-json\/wp\/v2\/types\/page"}],"author":[{"embeddable":true,"href":"http:\/\/revistaunar.com.br\/cientifica\/wp-json\/wp\/v2\/users\/1"}],"replies":[{"embeddable":true,"href":"http:\/\/revistaunar.com.br\/cientifica\/wp-json\/wp\/v2\/comments?post=60"}],"version-history":[{"count":9,"href":"http:\/\/revistaunar.com.br\/cientifica\/wp-json\/wp\/v2\/pages\/60\/revisions"}],"predecessor-version":[{"id":104,"href":"http:\/\/revistaunar.com.br\/cientifica\/wp-json\/wp\/v2\/pages\/60\/revisions\/104"}],"up":[{"embeddable":true,"href":"http:\/\/revistaunar.com.br\/cientifica\/wp-json\/wp\/v2\/pages\/24"}],"wp:attachment":[{"href":"http:\/\/revistaunar.com.br\/cientifica\/wp-json\/wp\/v2\/media?parent=60"}],"curies":[{"name":"wp","href":"https:\/\/api.w.org\/{rel}","templated":true}]}}