{"id":14,"date":"2014-06-25T20:25:38","date_gmt":"2014-06-25T20:25:38","guid":{"rendered":"http:\/\/revistaunar.com.br\/juridica\/?page_id=14"},"modified":"2015-01-26T16:40:26","modified_gmt":"2015-01-26T16:40:26","slug":"apresentacao","status":"publish","type":"page","link":"http:\/\/revistaunar.com.br\/juridica\/","title":{"rendered":"Apresenta\u00e7\u00e3o"},"content":{"rendered":"<p style=\"text-align: justify;\">A <strong>Revista\u00a0<\/strong><em><strong>Ius et Iustitia Eletr\u00f4nica<\/strong>\u00a0<\/em>est\u00e1 vinculada ao projeto de orienta\u00e7\u00e3o de monografias do Curso de Direito do Centro Universit\u00e1rio de Araras \u201cDr. Edmundo Ulson\u201d \u2500 UNAR. Tem por objetivo principal publicar trabalhos (artigos, resenhas, entrevistas) da \u00e1rea de Direito e de \u00e1reas afins, produzidos pela comunidade docente e discente do Centro Universit\u00e1rio, em n\u00edveis de gradua\u00e7\u00e3o e p\u00f3s-gradua\u00e7\u00e3o. No entanto, este ve\u00edculo \u00e9 aberto a colabora\u00e7\u00f5es de pesquisadores e estudiosos de outras institui\u00e7\u00f5es.<\/p>\n<p style=\"text-align: justify;\">Com periodicidade anual, a Revista ficar\u00e1 dispon\u00edvel na vers\u00e3o eletr\u00f4nica, de acesso gratuito,\u00a0<strong>sem qualquer fim lucrativo.<\/strong>\u00a0Com esta Revista pretende-se destacar a import\u00e2ncia do papel desempenhado por estudiosos do Direito e \u00e1reas afins, em busca de uma sistematiza\u00e7\u00e3o do conhecimento jur\u00eddico para a constru\u00e7\u00e3o de uma sociedade mais justa.<\/p>\n<p style=\"text-align: justify;\">O formato eletr\u00f4nico tornou-se um relevante instrumento de divulga\u00e7\u00e3o da produ\u00e7\u00e3o cient\u00edfica, viabilizando fontes permanentes de pesquisa. A prefer\u00eancia por tal meio \u00e9 decorrente da riqueza de seu alcance (universaliza\u00e7\u00e3o), que facilita a indispens\u00e1vel integra\u00e7\u00e3o e conseq\u00fcente troca de conhecimentos cient\u00edficos. Esses s\u00e3o aspectos imprescind\u00edveis para uma \u00e1rea do saber que est\u00e1 sempre em processo de evolu\u00e7\u00e3o e mudan\u00e7a, como \u00e9 o Direito, e que n\u00e3o pode prescindir da inter e da multidisciplinaridade.<\/p>\n<p style=\"text-align: center;\"><a href=\"http:\/\/revistaunar.com.br\/juridica\/conselho-editorial\"><span class=\"Texto\" style=\"font-weight: bold;\">Conselho Editorial<\/span><\/a><\/p>\n","protected":false},"excerpt":{"rendered":"<p>A Revista\u00a0Ius et Iustitia Eletr\u00f4nica\u00a0est\u00e1 vinculada ao projeto de orienta\u00e7\u00e3o de monografias do Curso de Direito do Centro Universit\u00e1rio de Araras \u201cDr. Edmundo Ulson\u201d \u2500 UNAR. Tem por objetivo principal publicar trabalhos (artigos, resenhas, entrevistas) da \u00e1rea de Direito e &hellip; <a href=\"http:\/\/revistaunar.com.br\/juridica\/\">Continue lendo <span class=\"meta-nav\">&rarr;<\/span><\/a><\/p>\n","protected":false},"author":1,"featured_media":0,"parent":0,"menu_order":0,"comment_status":"open","ping_status":"open","template":"","meta":[],"_links":{"self":[{"href":"http:\/\/revistaunar.com.br\/juridica\/wp-json\/wp\/v2\/pages\/14"}],"collection":[{"href":"http:\/\/revistaunar.com.br\/juridica\/wp-json\/wp\/v2\/pages"}],"about":[{"href":"http:\/\/revistaunar.com.br\/juridica\/wp-json\/wp\/v2\/types\/page"}],"author":[{"embeddable":true,"href":"http:\/\/revistaunar.com.br\/juridica\/wp-json\/wp\/v2\/users\/1"}],"replies":[{"embeddable":true,"href":"http:\/\/revistaunar.com.br\/juridica\/wp-json\/wp\/v2\/comments?post=14"}],"version-history":[{"count":6,"href":"http:\/\/revistaunar.com.br\/juridica\/wp-json\/wp\/v2\/pages\/14\/revisions"}],"predecessor-version":[{"id":171,"href":"http:\/\/revistaunar.com.br\/juridica\/wp-json\/wp\/v2\/pages\/14\/revisions\/171"}],"wp:attachment":[{"href":"http:\/\/revistaunar.com.br\/juridica\/wp-json\/wp\/v2\/media?parent=14"}],"curies":[{"name":"wp","href":"https:\/\/api.w.org\/{rel}","templated":true}]}}