{"id":24,"date":"2014-06-25T20:41:31","date_gmt":"2014-06-25T20:41:31","guid":{"rendered":"http:\/\/revistaunar.com.br\/juridica\/?page_id=24"},"modified":"2014-09-10T13:50:31","modified_gmt":"2014-09-10T13:50:31","slug":"normas-para-publicacao","status":"publish","type":"page","link":"http:\/\/revistaunar.com.br\/juridica\/normas-para-publicacao","title":{"rendered":"Normas para Publica\u00e7\u00e3o"},"content":{"rendered":"<p style=\"text-align: justify;\">1. Artigo in\u00e9dito, destinado exclusivamente \u00e0 Revista Ius et Iustitia Eletr\u00f4nica.<br \/>\n2. M\u00e1ximo de vinte e cinco p\u00e1ginas digitadas.<br \/>\n3. Idioma: portugu\u00eas.<br \/>\n4. Estrutura:<br \/>\n&#8211; t\u00edtulo: centralizado, fonte 12, letras capitais, negrito;<br \/>\n&#8211; nome(s) do(s) autor(es): \u00e0 direita, fonte 12, sobrenome em letras capitais, negrito; em<br \/>\nnota de rodap\u00e9 (indicada por asterisco), forma\u00e7\u00e3o acad\u00eamica (maior titula\u00e7\u00e3o), v\u00ednculo<br \/>\ninstitucional e endere\u00e7o eletr\u00f4nico do(s) autor(es).<br \/>\n&#8211; resumo;<br \/>\n&#8211; palavras-chave (m\u00e1ximo de seis);<br \/>\n&#8211; in\u00edcio e desenvolvimento do artigo;<br \/>\n&#8211; refer\u00eancias (bibliogr\u00e1ficas e eletr\u00f4nicas);<br \/>\n&#8211; bibliografia de apoio (n\u00e3o obrigat\u00f3ria).<br \/>\nApresenta\u00e7\u00e3o dos artigos<br \/>\nMicrosoft Word. Fonte Times New Roman, 12.<br \/>\nConfigura\u00e7\u00e3o da p\u00e1gina: tamanho A4, margens de 2,5 cm (laterais, superior e inferior).<br \/>\nFormata\u00e7\u00e3o: espa\u00e7o simples entre linhas. Par\u00e1grafos separados por um enter a mais e<br \/>\nalinhados no formato justificado, sem recuo na primeira linha (em blocos, estilo<br \/>\namericano).<br \/>\nCita\u00e7\u00f5es (at\u00e9 200 palavras)<\/p>\n<p style=\"text-align: justify;\">1. No corpo do trabalho, as indica\u00e7\u00f5es devem ser feitas por meio de sobrenome dos<br \/>\nautores, em letras capitais, e do ano de publica\u00e7\u00e3o constante nas refer\u00eancias. Em caso de\u00a0cita\u00e7\u00e3o literal \u00e9 necess\u00e1rio indicar a(s) p\u00e1gina(s) ap\u00f3s a data. Ex.: (BOKER, 1993) ou<br \/>\n(BEKKERIAN, 1996, p.23).<\/p>\n<p style=\"text-align: justify;\">2. Se o(s) nome(s) do(s) autor(es) integra(m) a frase, indicar, entre par\u00eanteses, apenas o\u00a0ano da publica\u00e7\u00e3o e a p\u00e1gina. Ex.:\u00a0Cunha analisa \u201co pensamento de John Dewey como sendo fator de equil\u00edbrio entre essas\u00a0tend\u00eancias potencialmente opostas\u201d (1993, p.189).\u00a0Gon\u00e7alves, Aquino e Silva (1995) lembram que &#8230;<\/p>\n<p style=\"text-align: justify;\">3. Se o texto citado tiver mais de tr\u00eas autores, deve constar somente o nome do primeiro\u00a0autor seguido de &#8220;et al&#8221;.<br \/>\nEx.:\u00a0(EINKHENBAUM et al., 1976).\u00a0Em Einkhenbaum et al. (1976), &#8230;<\/p>\n<p style=\"text-align: justify;\">4. Obras sem indica\u00e7\u00e3o de autoria: primeira palavra; inclui-se artigo definido ou\u00a0indefinido, se for o caso. Ex.:\u00a0(ANTEPROJETO&#8230;, 1987, p.55).\u00a0(A FLOR&#8230;, 1995).<\/p>\n<p style=\"text-align: justify;\">5. As cita\u00e7\u00f5es diretas com mais de tr\u00eas linhas devem ser destacadas com recuo de 4 cm\u00a0da margem esquerda, com letra tamanho 11 (tamb\u00e9m fonte Times New Roman), sem\u00a0aspas.<\/p>\n<p style=\"text-align: justify;\">6. Supress\u00f5es, interpola\u00e7\u00f5es, coment\u00e1rios, \u00eanfase ou destaques devem ser indicados do\u00a0seguinte modo: supress\u00f5es, [&#8230;]; interpola\u00e7\u00f5es, acr\u00e9scimos ou coment\u00e1rios, [ ]; \u00eanfase\u00a0ou destaque, negrito.<\/p>\n<p style=\"text-align: justify;\">7. Para enfatizar trechos de cita\u00e7\u00e3o, deve-se destac\u00e1-lo indicando esta altera\u00e7\u00e3o com a\u00a0express\u00e3o \u201cgrifo nosso\u201d entre par\u00eanteses, ap\u00f3s a chamada da cita\u00e7\u00e3o, ou \u201cgrifo do(a)\u00a0Autor(a)\u201d, caso o destaque j\u00e1 fa\u00e7a parte da obra citada.<\/p>\n<p style=\"text-align: justify;\">8. Quando a passagem citada tiver sido traduzida pelo(a) autor(a) do artigo, deve-se\u00a0incluir, ap\u00f3s a chamada da cita\u00e7\u00e3o, a express\u00e3o \u201ctradu\u00e7\u00e3o nossa\u201d, entre par\u00eanteses.<\/p>\n<p style=\"text-align: justify;\">9. Quando se tratar de dados obtidos por informa\u00e7\u00e3o oral (palestras, debates,\u00a0comunica\u00e7\u00f5es, etc.), indicar, entre par\u00eanteses, a express\u00e3o \u201cinforma\u00e7\u00e3o verbal\u201d,\u00a0mencionando a fonte em nota de rodap\u00e9, sempre indicada por asteriscos. Ex.: ** Not\u00edcia\u00a0fornecida por John A. Smith no Congresso Internacional de Engenharia Gen\u00e9tica, em\u00a0Londres, em outubro de 2001\u201d.<\/p>\n<p style=\"text-align: justify;\">10. Em demais casos, notas de rodap\u00e9 ou explicativas devem ser usadas somente\u00a0quando estritamente necess\u00e1rias para a compreens\u00e3o do artigo. N\u00e3o usar numera\u00e7\u00e3o\u00a0consecutiva dentro do texto. Para a segunda nota, empregar dois asteriscos, e assim\u00a0sucessivamente.\u00a0Refer\u00eancias em ordem alfab\u00e9tica pelo sobrenome do(s) autor(es) e colocadas no final do artigo. Os\u00a0t\u00edtulos de livros e peri\u00f3dicos s\u00e3o mencionados por extenso e em it\u00e1lico.<br \/>\nExemplos:<br \/>\na) livro no todo. Em se tratando de obras traduzidas, deve(m) constar o(s) nome(s) do(s) tradutor(es). Indica-se o n\u00famero da edi\u00e7\u00e3o se ela n\u00e3o for a primeira.<\/p>\n<p style=\"text-align: justify;\">BOSI, A. Hist\u00f3ria concisa da literatura brasileira. 38.ed. S\u00e3o Paulo: Cultrix, 2001.<br \/>\nEINKHENBAUM, B. et al. Teoria da literatura: formalistas russos. Org.: Dion\u00edsio de Oliveira Toledo. Trad.: Ana Mariza Ribeiro Filipouski et al. 2.ed. Porto Alegre: Globo,1976.<br \/>\nGON\u00c7ALVES, M. M. T.; AQUINO, Z. T. de; SILVA, Z. B. Antologia de antologias: 101 poetas brasileiros &#8220;revisitados&#8221;. S\u00e3o Paulo: Musa, 1995.<br \/>\nKOSELLECK, R. Futuro passado: contribui\u00e7\u00e3o \u00e0 sem\u00e2ntica dos tempos hist\u00f3ricos.\u00a0Trad.: Wilma Patr\u00edcia Maas, Carlos Almeida Pereira. Rio de Janeiro: Contraponto;\u00a0Editora PUC Rio, 2006.<\/p>\n<p style=\"text-align: justify;\">b) cap\u00edtulo de livro (indica-se o intervalo de p\u00e1ginas):<\/p>\n<p style=\"text-align: justify;\">CANGI, A. Imagens do horror. Paix\u00f5es tristes. In: SELIGMANNSILVA, M. (org.).\u00a0Hist\u00f3ria, mem\u00f3ria, literatura: o testemunho na Era das Cat\u00e1strofes. Campinas, SP:\u00a0Editora da UNICAMP, 2003.p.141-171.<br \/>\nSELIGMANN-SILVA, M. Reflex\u00f5es sobre a mem\u00f3ria, a hist\u00f3ria e o esquecimento. In:<br \/>\n_____ (org.). Hist\u00f3ria, mem\u00f3ria, literatura: o testemunho na Era das Cat\u00e1strofes.\u00a0Campinas, SP: Editora da UNICAMP, 2003.p.59-89.<\/p>\n<p style=\"text-align: justify;\">c) disserta\u00e7\u00e3o de mestrado e tese de doutorado:<\/p>\n<p style=\"text-align: justify;\">OTT, M. B. Tend\u00eancias ideol\u00f3gicas no ensino de primeiro grau. Porto Alegre:\u00a0UFRGS, 1983. 214 p. Tese (Doutorado em Educa\u00e7\u00e3o) \u2013 Faculdade de Educa\u00e7\u00e3o,\u00a0Universidade Federal do Rio Grande do Sul, Porto Alegre.<\/p>\n<p style=\"text-align: justify;\">d) artigo de peri\u00f3dico:<\/p>\n<p style=\"text-align: justify;\">HARDMAN, F. F. T\u00e9cnica e sociedade: maquinismo como espet\u00e1culo no Brasil pr\u00e9-industrial. Remate de Males, Campinas, SP, n. 7, p.157-166, 1987.<br \/>\nXAVIER, I. N. Em torno de S\u00e3o Bernardo. Argumento, S\u00e3o Paulo, n. 3, p.125-130,\u00a0jan. 1974.<\/p>\n<p style=\"text-align: justify;\">e) trabalho de congresso ou similar (publicado):<\/p>\n<p style=\"text-align: justify;\">MARIN, A. J. Educa\u00e7\u00e3o continuada: sair do informalismo In: CONGRESSO\u00a0ESTADUAL PAULISTA SOBRE FORMA\u00c7\u00c3O DE PROFESSORES, 1, 1990.\u00a0Anais&#8230; S\u00e3o Paulo: UNESP, 1990.p.114-8.<\/p>\n<p style=\"text-align: justify;\">f) documento eletr\u00f4nico:<\/p>\n<p style=\"text-align: justify;\">PIZA, E. L. Aldeia evanescente: o espa\u00e7o simb\u00f3lico em Alegria Breve, narrativa de\u00a0Verg\u00edlio Ferreira. UNAR, Araras, SP, v.1, n.1, p.86-95, 2007. Dispon\u00edvel em:&lt;http:\/\/portal.unar.edu.br\/artigos\/PIZA,%20E.L.%20Aldeia%20evanescente.pdf&gt;\u00a0Acesso em: 24 abr. 2008.<\/p>\n<p style=\"text-align: justify;\">g) obras sem indica\u00e7\u00e3o de autoria:<\/p>\n<p style=\"text-align: justify;\">A FLOR prometida. Folha de S. Paulo, S\u00e3o Paulo, p. 4, 2 abr. 1995.<br \/>\nANTEPROJETO de lei. Estudos e Debates, Bras\u00edlia, DF, n. 13, p. 51-60, jan. 1987.<\/p>\n","protected":false},"excerpt":{"rendered":"<p>1. Artigo in\u00e9dito, destinado exclusivamente \u00e0 Revista Ius et Iustitia Eletr\u00f4nica. 2. M\u00e1ximo de vinte e cinco p\u00e1ginas digitadas. 3. Idioma: portugu\u00eas. 4. Estrutura: &#8211; t\u00edtulo: centralizado, fonte 12, letras capitais, negrito; &#8211; nome(s) do(s) autor(es): \u00e0 direita, fonte 12, &hellip; <a href=\"http:\/\/revistaunar.com.br\/juridica\/normas-para-publicacao\">Continue lendo <span class=\"meta-nav\">&rarr;<\/span><\/a><\/p>\n","protected":false},"author":1,"featured_media":0,"parent":0,"menu_order":3,"comment_status":"open","ping_status":"open","template":"","meta":[],"_links":{"self":[{"href":"http:\/\/revistaunar.com.br\/juridica\/wp-json\/wp\/v2\/pages\/24"}],"collection":[{"href":"http:\/\/revistaunar.com.br\/juridica\/wp-json\/wp\/v2\/pages"}],"about":[{"href":"http:\/\/revistaunar.com.br\/juridica\/wp-json\/wp\/v2\/types\/page"}],"author":[{"embeddable":true,"href":"http:\/\/revistaunar.com.br\/juridica\/wp-json\/wp\/v2\/users\/1"}],"replies":[{"embeddable":true,"href":"http:\/\/revistaunar.com.br\/juridica\/wp-json\/wp\/v2\/comments?post=24"}],"version-history":[{"count":4,"href":"http:\/\/revistaunar.com.br\/juridica\/wp-json\/wp\/v2\/pages\/24\/revisions"}],"predecessor-version":[{"id":166,"href":"http:\/\/revistaunar.com.br\/juridica\/wp-json\/wp\/v2\/pages\/24\/revisions\/166"}],"wp:attachment":[{"href":"http:\/\/revistaunar.com.br\/juridica\/wp-json\/wp\/v2\/media?parent=24"}],"curies":[{"name":"wp","href":"https:\/\/api.w.org\/{rel}","templated":true}]}}