{"id":256,"date":"2019-01-30T16:32:46","date_gmt":"2019-01-30T16:32:46","guid":{"rendered":"http:\/\/revistaunar.com.br\/juridica\/?page_id=256"},"modified":"2019-01-30T16:48:30","modified_gmt":"2019-01-30T16:48:30","slug":"vol18_no1_2018","status":"publish","type":"page","link":"http:\/\/revistaunar.com.br\/juridica\/numeros-publicados\/vol18_no1_2018","title":{"rendered":"volume 18-n\u00ba1-2018"},"content":{"rendered":"<p>SUM\u00c1RIO<\/p>\n<p><a href=\"http:\/\/revistaunar.com.br\/juridica\/documentos\/vol18_n1_2018\/1_HONORARIO_ADVOCATICIOS.pdf\" target=\"_blank\">HONOR\u00c1RIOS ADVOCAT\u00cdCIOS SUCUMBENCIAIS NA JUSTI\u00c7A DO TRABALHO EM FACE DAS ALTERA\u00c7\u00d5ES TRAZIDAS PELA LEI 13.467\/2017<\/a><\/p>\n<p>Carlos Alberto Ferri, Igor Emanuel de Souza Marques. Amanda Zampieri &#8211; p.01-24.<\/p>\n<p><a href=\"http:\/\/revistaunar.com.br\/juridica\/documentos\/vol18_n1_2018\/2_ACAO_NEGATORIA_DE_PATERNIDADE.pdf\" target=\"_blank\">A\u00c7\u00c3O NEGAT\u00d3RIA DE PATERNIDADE EM FACE DO PRINC\u00cdPIO DO MELHOR INTERESSE DO MENOR<\/a><\/p>\n<p>Andrea Alves dos Santos Eloy, Eva Sandra Monteiro Cipola &#8211; p. 25-53.<\/p>\n<p><a href=\"http:\/\/revistaunar.com.br\/juridica\/documentos\/vol18_n1_2018\/3_EFETIVIDADE_DOS_DIREITOS_HUMANOS.pdf\" target=\"_blank\">EFETIVIDADE DOS DIREITOS HUMANOS NO BRASIL: ATUA\u00c7\u00c3O DA ORGANIZA\u00c7\u00c3O DOS ESTADOS AMERICANOS<\/a><\/p>\n<p>Fernanda Cristina Covolan, Ant\u00f4nia Jana\u00edna de Souza \u2013 p. 54-74.<\/p>\n<p><a href=\"http:\/\/revistaunar.com.br\/juridica\/documentos\/vol18_n1_2018\/4_A_MEDIACAO_COMO_FERRAMENTA.pdf\" target=\"_blank\">A MEDIA\u00c7\u00c3O COMO FERRAMENTA MINIMIZADORA DA ALIENA\u00c7\u00c3O PARENTAL<\/a><\/p>\n<p>Igor Emanuel de Souza Marques, Carlineia de Ara\u00fajo Figueiredo Costa &#8211; p.75-88.<\/p>\n<p><a href=\"http:\/\/revistaunar.com.br\/juridica\/documentos\/vol18_n1_2018\/5_PESSOA_COM_DEFICIENCIA_E_O_DIREITO.pdf\" target=\"_blank\">PESSOA COM DEFICI\u00caNCIA E O DIREITO AO TRABALHO: AN\u00c1LISE DA LEGISLA\u00c7\u00c3O BRASILEIRA E A EXPERI\u00caNCIA PORTUGUESA<\/a><\/p>\n<p>Igor Emanuel de Souza Marques, Maria Cristina Pereira de Sousa \u2013 p. 88-112.<\/p>\n<p><a href=\"http:\/\/revistaunar.com.br\/juridica\/documentos\/vol18_n1_2018\/6_TORTURA_UMA_VIOLACAO_AO_PRINCIPIO.pdf\" target=\"_blank\">TORTURA: UMA VIOLA\u00c7\u00c3O AO PRINC\u00cdPIO DA DIGNIDADE DA PESSOA HUMANA<\/a><\/p>\n<p>Carlos Alberto Ferri, Jorge Roberto Vieira Aguiar Filho, Edson Daniel Ribeiro de Sousa- p. 112-130.<\/p>\n<p><a href=\"http:\/\/revistaunar.com.br\/juridica\/documentos\/vol18_n1_2018\/7_O_PRESENTE_SERA_PASSADO_POR_ALGUMAS.pdf\" target=\"_blank\">O PRESENTE SER\u00c1 PASSADO POR ALGUMAS P\u00c1GINAS: AS POL\u00cdTICAS P\u00daBLICAS E A COMPULSORIEDADE DA VACINA\u00c7\u00c3O EM 1904.<\/a><\/p>\n<p>Fernanda Cristina Covolan, Isabella Sayuri \u2013 p. 131-150.<\/p>\n<p><a href=\"http:\/\/revistaunar.com.br\/juridica\/documentos\/vol18_n1_2018\/8_TELETRABALHO_OS_RISCOS_LEGAIS_DE_ADOTAR.pdf\" target=\"_blank\">TELETRABALHO: OS RISCOS LEGAIS DE ADOTAR ESSE MODELO<\/a><\/p>\n<p>Carlos Alberto Ferri, Jorge Roberto Vieira Aguiar Filho, Jailton Borges Magalhaes \u2013 p. 151-176.<\/p>\n<p><a href=\"http:\/\/revistaunar.com.br\/juridica\/documentos\/vol18_n1_2018\/9_O_ORDENAMENTO_JURIDICO_BRASILEIRO.pdf\" target=\"_blank\">O ORDENAMENTO JUR\u00cdDICO BRASILEIRO E A SITUA\u00c7\u00c3O DO NASCITURO<\/a><\/p>\n<p>Andr\u00e9 de Carvalho Okano, J\u00e9ssica Mara dos Santos &#8211; p.177-208.<\/p>\n<p><a href=\"http:\/\/revistaunar.com.br\/juridica\/documentos\/vol18_n1_2018\/10_CONFLITO_ENTRE_IGREJA_E_MA\u00c7ONARIA.pdf\" target=\"_blank\">CONFLITO ENTRE IGREJA E MA\u00c7ONARIA NO APAGAR DAS LUZES IMPERIAIS: A QUEST\u00c3O RELIGIOSA DENTRO DE UM ESTADO CAT\u00d3LICO<\/a><\/p>\n<p>Fernanda Cristina Covolan, Karoline M\u00fcller Reis \u2013 p. p.209-233.<\/p>\n<p><a href=\"http:\/\/revistaunar.com.br\/juridica\/documentos\/vol18_n1_2018\/11_REVENGE_PORN_A_INTERNET.pdf\" target=\"_blank\">\u201cREVENGE PORN\u201d: A INTERNET COMO INSTRUMENTO PARA PR\u00c1TICA DE CRIMES E A PROTE\u00c7\u00c3O LEGISLATIVA AOS DIREITOS DA PERSONALIDADE<\/a><\/p>\n<p>Carlos Alberto Ferri, Igor Emanuel de Souza Marques, Let\u00edcia Capato &#8211; p. 234-255.<\/p>\n<p><a href=\"http:\/\/revistaunar.com.br\/juridica\/documentos\/vol18_n1_2018\/12_TRAFICO_DE_PESSOAS_UMA_ANALISE.pdf\" target=\"_blank\">TR\u00c1FICO DE PESSOAS: UMA AN\u00c1LISE SOBRE OS REAIS IMPACTOS DA LEI N\u00b0 13.344\/2016.<\/a><\/p>\n<p>Carlos Alberto Ferri, Igor Emanuel de Souza Marques, Matheus Henrique Vaz Cardoso \u2013 p. 256-281.<\/p>\n<p><a href=\"http:\/\/revistaunar.com.br\/juridica\/documentos\/vol18_n1_2018\/13_A_CAPACIDADE_CIVIL_DA_PESSOA_PORTADORA.pdf\" target=\"_blank\">A CAPACIDADE CIVIL DA PESSOA PORTADORA DE DEFICIENCIA: INOVA\u00c7\u00d5ES DA LEI DE INCLUS\u00c3O N\u00ba 13.146\/15<\/a><\/p>\n<p>Carlos Alberto Ferri, Jorge Roberto Vieira Aguiar Filho, Rafael Henrique Adorno de Oliveira &#8211; p.282-305.<\/p>\n<p><a href=\"http:\/\/revistaunar.com.br\/juridica\/documentos\/vol18_n1_2018\/14_LACOS_AFETIVOS_ENTRE_PAIS_E_FILHOS.pdf\" target=\"_blank\">LA\u00c7OS AFETIVOS ENTRE PAIS E FILHOS: SOCIOAFETIVIDADE X ADO\u00c7\u00c3O<\/a><\/p>\n<p>Carlos Alberto Ferri, Jorge Roberto Vieira Aguiar Filho, Mikaela de Jesus Oliveira &#8211; p.306-331<\/p>\n<p><a href=\"http:\/\/revistaunar.com.br\/juridica\/documentos\/vol18_n1_2018\/15_BULLYING_RESPONSABILIDADE_CIVIL.pdf\" target=\"_blank\">BULLYING: RESPONSABILIDADE CIVIL NAS UNIDADES ESCOLARES P\u00daBLICAS E PRIVADAS<\/a><\/p>\n<p>Francisco Rafael Ferreira, Roseli Pereira Polesi. p.332-366<\/p>\n","protected":false},"excerpt":{"rendered":"<p>SUM\u00c1RIO HONOR\u00c1RIOS ADVOCAT\u00cdCIOS SUCUMBENCIAIS NA JUSTI\u00c7A DO TRABALHO EM FACE DAS ALTERA\u00c7\u00d5ES TRAZIDAS PELA LEI 13.467\/2017 Carlos Alberto Ferri, Igor Emanuel de Souza Marques. Amanda Zampieri &#8211; p.01-24. A\u00c7\u00c3O NEGAT\u00d3RIA DE PATERNIDADE EM FACE DO PRINC\u00cdPIO DO MELHOR INTERESSE DO &hellip; <a href=\"http:\/\/revistaunar.com.br\/juridica\/numeros-publicados\/vol18_no1_2018\">Continue lendo <span class=\"meta-nav\">&rarr;<\/span><\/a><\/p>\n","protected":false},"author":1,"featured_media":0,"parent":30,"menu_order":17,"comment_status":"open","ping_status":"open","template":"","meta":[],"_links":{"self":[{"href":"http:\/\/revistaunar.com.br\/juridica\/wp-json\/wp\/v2\/pages\/256"}],"collection":[{"href":"http:\/\/revistaunar.com.br\/juridica\/wp-json\/wp\/v2\/pages"}],"about":[{"href":"http:\/\/revistaunar.com.br\/juridica\/wp-json\/wp\/v2\/types\/page"}],"author":[{"embeddable":true,"href":"http:\/\/revistaunar.com.br\/juridica\/wp-json\/wp\/v2\/users\/1"}],"replies":[{"embeddable":true,"href":"http:\/\/revistaunar.com.br\/juridica\/wp-json\/wp\/v2\/comments?post=256"}],"version-history":[{"count":8,"href":"http:\/\/revistaunar.com.br\/juridica\/wp-json\/wp\/v2\/pages\/256\/revisions"}],"predecessor-version":[{"id":264,"href":"http:\/\/revistaunar.com.br\/juridica\/wp-json\/wp\/v2\/pages\/256\/revisions\/264"}],"up":[{"embeddable":true,"href":"http:\/\/revistaunar.com.br\/juridica\/wp-json\/wp\/v2\/pages\/30"}],"wp:attachment":[{"href":"http:\/\/revistaunar.com.br\/juridica\/wp-json\/wp\/v2\/media?parent=256"}],"curies":[{"name":"wp","href":"https:\/\/api.w.org\/{rel}","templated":true}]}}