{"id":284,"date":"2021-05-12T20:27:16","date_gmt":"2021-05-12T20:27:16","guid":{"rendered":"http:\/\/revistaunar.com.br\/juridica\/?page_id=284"},"modified":"2023-08-24T18:43:13","modified_gmt":"2023-08-24T18:43:13","slug":"volume-20-no-1-2020-2","status":"publish","type":"page","link":"http:\/\/revistaunar.com.br\/juridica\/numeros-publicados\/volume-20-no-1-2020-2","title":{"rendered":"Volume 20 \u2013 N\u00ba 1 \u2013 2020"},"content":{"rendered":"<p>SUM\u00c1RIO<\/p>\n<p><a href=\"http:\/\/revistaunar.com.br\/juridica\/documentos\/vol20_n1_2020\/01_A_CRIMINALIZACAO_DA_HOMOFOBIA_TRANSFOBIA_E_O_SEU_IMPACTO_NA.pdf\" target=\"_blank\" rel=\"noopener\">A CRIMINALIZA\u00c7\u00c3O DA HOMOFOBIA, TRANSFOBIA E O SEU IMPACTO NA ESTRUTURA JUR\u00cdDICO-SOCIAL.<\/a><\/p>\n<p>Geov\u00e2nia Cordeiro de Almeida* Maria Carolina Ramos**. p. 1-14<\/p>\n<p><a href=\"http:\/\/revistaunar.com.br\/juridica\/documentos\/vol20_n1_2020\/02_A_PROTECAO_JURIDICA_DOS_DIREITOS_AUTORAIS_DE_CUNHO_MUSICAL_PELA_PLATAFORMA_DIGITAL_YOUTUBE_UMA_ANALISE_C.pdf\" target=\"_blank\" rel=\"noopener\">A PROTE\u00c7\u00c3O JUR\u00cdDICA DOS DIREITOS AUTORAIS DE CUNHO MUSICAL PELA PLATAFORMA DIGITAL YOUTUBE: UMA AN\u00c1LISE COMPARATIVA COM A LEI N\u00ba 9.810\/98.<\/a><\/p>\n<p>Ellen Bianca Fernandes SILVA1 Karina Teresa da Silva MACIEL2 M\u00f4nica de Oliveira Silva FIORI3. p. 15-32<\/p>\n<p><a href=\"http:\/\/revistaunar.com.br\/juridica\/documentos\/vol20_n1_2020\/03_O_ENFRENTAMENTO_DO_TRAFICO_DE_MULHERES_PARA_FINS_DE_EXPLORACAO_SEXUAL_NO_BRASIL.pdf\" target=\"_blank\" rel=\"noopener\">O ENFRENTAMENTO DO TR\u00c1FICO DE MULHERES PARA FINS DE EXPLORA\u00c7\u00c3O SEXUAL NO BRASIL: UMA AN\u00c1LISE DA LEGISLA\u00c7\u00c3O E POL\u00cdTICAS P\u00daBLICAS<\/a><\/p>\n<p>Maria Carolina Ramos1 Mariana Fernandes Aguiar2. p. 33-49<\/p>\n<p><a href=\"http:\/\/revistaunar.com.br\/juridica\/documentos\/vol20_n1_2020\/04_O_DIREITO_DE_LAJE_NO_ORDENAMENTO_JURIDICO_BRASILEIRO_E_SUA_EFETIVIDADE_PERANTE_A_SOCIEDADE.pdf\" target=\"_blank\" rel=\"noopener\">O DIREITO DE LAJE NO ORDENAMENTO JUR\u00cdDICO BRASILEIRO E SUA EFETIVIDADE PERANTE A SOCIEDADE<\/a><\/p>\n<p>M\u00f4nica de Oliveira Silva FIORI 1 Kathelin Martins PRADO 2. p. 50-69<\/p>\n<p><a href=\"http:\/\/revistaunar.com.br\/juridica\/documentos\/vol20_n1_2020\/05_A_RESPONSABILIDADE_CIVIL_DO_ESTADO_POR_ABUSO_DE_AUTORIDADE_E_A_NOVA_LEI_DE_ABUSO_DE_AUTORIDADE.pdf\" target=\"_blank\" rel=\"noopener\">A RESPONSABILIDADE CIVIL DO ESTADO POR ABUSO DE AUTORIDADE E A NOVA LEI DE ABUSO DE AUTORIDADE <\/a><\/p>\n<p>Let\u00edcia AKEMI FUKUDA1 M\u00f4nica de Oliveira Silva FIORI2. p. 70-84<\/p>\n<p><a href=\"http:\/\/revistaunar.com.br\/juridica\/documentos\/vol20_n1_2020\/06_A_TUTELA_DOS_DIREITOS_DO_CONSUMIDOR_FRENTE_A_PUBLICIDADE_ENGANOSA_E_ABUSIVA.pdf\" target=\"_blank\" rel=\"noopener\">A TUTELA DOS DIREITOS DO CONSUMIDOR FRENTE \u00c0 PUBLICIDADE ENGANOSA E ABUSIVA<\/a><\/p>\n<p>M\u00f4nica de Oliveira Silva FIORI1 Sophia Marques CONTESINI 2. p. 85-107<\/p>\n<p><a href=\"http:\/\/revistaunar.com.br\/juridica\/documentos\/vol20_n1_2020\/07_O_PRINCIPIO_DA_SUPREMACIA_DO_INTERESSE_PUBLICO_E_A_DIN%C3%82MICA_DO_ESTADO.pdf\" target=\"_blank\" rel=\"noopener\">O PRINC\u00cdPIO DA SUPREMACIA DO INTERESSE P\u00daBLICO E A DIN\u00c2MICA DO ESTADO COMO SUPORTE DO ESCRAVISMO NO BRASIL NO S\u00c9CULO XIX<\/a><\/p>\n<p>Marli Josefa Calixto \uf02a Francisco Rafael Ferreira1. p. 108-118<\/p>\n<p><a href=\"http:\/\/revistaunar.com.br\/juridica\/documentos\/vol20_n1_2020\/08_DIREITO_AUTORAL_NO_YOUTUBE.pdf\" target=\"_blank\" rel=\"noopener\">DIREITO AUTORAL NO YOUTUBE<\/a><\/p>\n<p>Carolina Teixeira NEVES1 . Karina Teresa da Silva MACIEL2 M\u00f4nica de Oliveira Silva FIORI3. p. 119-141<\/p>\n<p><a href=\"http:\/\/revistaunar.com.br\/juridica\/documentos\/vol20_n1_2020\/09_DO_PROCESSO_ADMINISTRATIVO_E_O_PRINCIPIO_DA_IMPESSOALIDADE_NO_CONCURSO_PUBLICO.pdf\" target=\"_blank\" rel=\"noopener\">DO PROCESSO ADMINISTRATIVO E O PRINC\u00cdPIO DA IMPESSOALIDADE NO CONCURSO P\u00daBLICO<\/a><\/p>\n<p>1CIANCIARDI, G. C. CHIAROTTO, V. DENTE, L. D. R. FERREIRA, F. R. 2 LIMA, M. T. TIAGO, M.. p. 142-153<\/p>\n<p><a href=\"http:\/\/revistaunar.com.br\/juridica\/documentos\/vol20_n1_2020\/10_RESPONSABILIDADE_CIVIL_DO_ESTADO_DIANTE_DA_PRISAO_ILEGAL.pdf\" target=\"_blank\" rel=\"noopener\">RESPONSABILIDADE CIVIL DO ESTADO DIANTE DA PRIS\u00c3O ILEGAL<\/a><\/p>\n<p>Vitoria Ribeiro de JESUS1 M\u00f4nica de Oliveira Silva FIORI2. p. 154-167<\/p>\n<p><a href=\"http:\/\/revistaunar.com.br\/juridica\/documentos\/vol20_n1_2020\/11_PROCESSO_JUDICIAL_ELETR%C3%94NICO_-_GARANTIA_DO_DIREITO_CONSTITUCIONAL_DE_ACESSO_A_JUSTICA_COM_EFETIVIDADE.pdf\" target=\"_blank\" rel=\"noopener\">PROCESSO JUDICIAL ELETR\u00d4NICO: GARANTIA DO DIREITO CONSTITUCIONAL DE ACESSO \u00c0 JUSTI\u00c7A COM EFETIVIDADE<\/a><\/p>\n<p>Keila dos Santos SILVA1 M\u00f4nica de Oliveira Silva FIORI2. p. 168-188<\/p>\n<p><a href=\"http:\/\/revistaunar.com.br\/juridica\/documentos\/vol20_n1_2020\/12_ACAO_REGRESSIVA_DO_INSS_CONTRA_O_EMPREGADOR.pdf\" target=\"_blank\" rel=\"noopener\">A\u00c7\u00c3O REGRESSIVA DO INSS CONTRA O EMPREGADOR<\/a><\/p>\n<p>Lucas Gabriel, Cardoso1Carlos, Alexandre Hees2. p. 189-199<\/p>\n<p><a href=\"http:\/\/revistaunar.com.br\/juridica\/documentos\/vol20_n1_2020\/13_O_RECOLHIMENTO_PREVIDENCIARIO_DO_TRABALHADOR_INTERMITENTE.pdf\" target=\"_blank\" rel=\"noopener\">O RECOLHIMENTO PREVIDENCI\u00c1RIO DO TRABALHADOR INTERMITENTE<\/a><\/p>\n<p>Carlos Alexandre, Hees1Guilherme, Alexandre Hees2. p. 200-212<\/p>\n","protected":false},"excerpt":{"rendered":"<p>SUM\u00c1RIO A CRIMINALIZA\u00c7\u00c3O DA HOMOFOBIA, TRANSFOBIA E O SEU IMPACTO NA ESTRUTURA JUR\u00cdDICO-SOCIAL. Geov\u00e2nia Cordeiro de Almeida* Maria Carolina Ramos**. p. 1-14 A PROTE\u00c7\u00c3O JUR\u00cdDICA DOS DIREITOS AUTORAIS DE CUNHO MUSICAL PELA PLATAFORMA DIGITAL YOUTUBE: UMA AN\u00c1LISE COMPARATIVA COM A &hellip; <a href=\"http:\/\/revistaunar.com.br\/juridica\/numeros-publicados\/volume-20-no-1-2020-2\">Continue lendo <span class=\"meta-nav\">&rarr;<\/span><\/a><\/p>\n","protected":false},"author":1,"featured_media":0,"parent":30,"menu_order":19,"comment_status":"open","ping_status":"closed","template":"","meta":[],"_links":{"self":[{"href":"http:\/\/revistaunar.com.br\/juridica\/wp-json\/wp\/v2\/pages\/284"}],"collection":[{"href":"http:\/\/revistaunar.com.br\/juridica\/wp-json\/wp\/v2\/pages"}],"about":[{"href":"http:\/\/revistaunar.com.br\/juridica\/wp-json\/wp\/v2\/types\/page"}],"author":[{"embeddable":true,"href":"http:\/\/revistaunar.com.br\/juridica\/wp-json\/wp\/v2\/users\/1"}],"replies":[{"embeddable":true,"href":"http:\/\/revistaunar.com.br\/juridica\/wp-json\/wp\/v2\/comments?post=284"}],"version-history":[{"count":10,"href":"http:\/\/revistaunar.com.br\/juridica\/wp-json\/wp\/v2\/pages\/284\/revisions"}],"predecessor-version":[{"id":316,"href":"http:\/\/revistaunar.com.br\/juridica\/wp-json\/wp\/v2\/pages\/284\/revisions\/316"}],"up":[{"embeddable":true,"href":"http:\/\/revistaunar.com.br\/juridica\/wp-json\/wp\/v2\/pages\/30"}],"wp:attachment":[{"href":"http:\/\/revistaunar.com.br\/juridica\/wp-json\/wp\/v2\/media?parent=284"}],"curies":[{"name":"wp","href":"https:\/\/api.w.org\/{rel}","templated":true}]}}