{"id":60,"date":"2014-08-25T18:18:44","date_gmt":"2014-08-25T18:18:44","guid":{"rendered":"http:\/\/revistaunar.com.br\/juridica\/?page_id=60"},"modified":"2014-09-03T17:18:24","modified_gmt":"2014-09-03T17:18:24","slug":"volume-1-no1-2008","status":"publish","type":"page","link":"http:\/\/revistaunar.com.br\/juridica\/numeros-publicados\/volume-1-no1-2008","title":{"rendered":"Volume 1-n\u00ba1-2008"},"content":{"rendered":"<p>SUM\u00c1RIO<\/p>\n<p><a href=\"http:\/\/revistaunar.com.br\/juridica\/documentos\/vol1_n1_2008\/.pdf\">POL\u00cdTICA, DIREITO E \u00c9TICA: onde est\u00e1 a credibilidade do cidad\u00e3o brasileiro quando questionado quanto aos Poderes Executivo, Legislativo e Judici\u00e1rio?<\/a><br \/>\nJuliana Guarnieri Bassi \/ Magda Cristina Montagner Agostini \/ Roberto Chapola FLS.2-23<\/p>\n<p><a href=\"http:\/\/revistaunar.com.br\/juridica\/documentos\/vol1_n1_2008\/.pdf\">A PROTE\u00c7\u00c3O JUR\u00cdDICA DAS \u00c1GUAS SUBTERR\u00c2NEAS: estudo de caso: contamina\u00e7\u00e3o de abastecimento p\u00fablico no munic\u00edpio de Rafard, SP<\/a><br \/>\nWilson Jos\u00e9 Figueiredo Alves Junior FLS.24-38<\/p>\n<p><a href=\"http:\/\/revistaunar.com.br\/juridica\/documentos\/vol1_n1_2008\/.pdf\">A CRISE DO ESTADO DO BEM-ESTAR SOCIAL NA VIS\u00c3O DE LORCA MART\u00cdN VILLODRES<\/a><br \/>\nMaur\u00edcio Jos\u00e9 Mantelli Marangoni FLS.39-51<\/p>\n<p><a href=\"http:\/\/revistaunar.com.br\/juridica\/documentos\/vol1_n1_2008\/.pdf\">INTERRUP\u00c7\u00c3O DA GESTA\u00c7\u00c3O EM CASO DE ANENCEFALIA: direito de cidadania?<\/a><br \/>\nRoberto Chapola FLS.52-66<\/p>\n<p><a href=\"http:\/\/revistaunar.com.br\/juridica\/documentos\/vol1_n1_2008\/.pdf\">INTERRUP\u00c7\u00c3O DA PRESCRI\u00c7\u00c3O DA EFIC\u00c1CIA EXECUTIVA DE T\u00cdTULO EXTRAJUDICIAL<\/a><br \/>\nAgnaldo Alves \/ Fabio Faggion Modesto \/ Ranulfo Paulino Ramos FLS.67-69<\/p>\n<p><a href=\"http:\/\/revistaunar.com.br\/juridica\/documentos\/vol1_n1_2008\/.pdf\">A COISA JULGADA NAS A\u00c7\u00d5ES COLETIVAS SOB O PRISMA DO C\u00d3DIGO DE DEFESA DO CONSUMIDOR<\/a><br \/>\nJorge Roberto Vieira Aguiar Filho FLS.70-84<\/p>\n<p><a href=\"http:\/\/revistaunar.com.br\/juridica\/documentos\/vol1_n1_2008\/.pdf\">A COBRAN\u00c7A PELO USO DA \u00c1GUA<\/a><br \/>\nVera L\u00facia Gorron FLS.85-94<\/p>\n","protected":false},"excerpt":{"rendered":"<p>SUM\u00c1RIO POL\u00cdTICA, DIREITO E \u00c9TICA: onde est\u00e1 a credibilidade do cidad\u00e3o brasileiro quando questionado quanto aos Poderes Executivo, Legislativo e Judici\u00e1rio? Juliana Guarnieri Bassi \/ Magda Cristina Montagner Agostini \/ Roberto Chapola FLS.2-23 A PROTE\u00c7\u00c3O JUR\u00cdDICA DAS \u00c1GUAS SUBTERR\u00c2NEAS: estudo &hellip; <a href=\"http:\/\/revistaunar.com.br\/juridica\/numeros-publicados\/volume-1-no1-2008\">Continue lendo <span class=\"meta-nav\">&rarr;<\/span><\/a><\/p>\n","protected":false},"author":1,"featured_media":0,"parent":30,"menu_order":0,"comment_status":"open","ping_status":"open","template":"","meta":[],"_links":{"self":[{"href":"http:\/\/revistaunar.com.br\/juridica\/wp-json\/wp\/v2\/pages\/60"}],"collection":[{"href":"http:\/\/revistaunar.com.br\/juridica\/wp-json\/wp\/v2\/pages"}],"about":[{"href":"http:\/\/revistaunar.com.br\/juridica\/wp-json\/wp\/v2\/types\/page"}],"author":[{"embeddable":true,"href":"http:\/\/revistaunar.com.br\/juridica\/wp-json\/wp\/v2\/users\/1"}],"replies":[{"embeddable":true,"href":"http:\/\/revistaunar.com.br\/juridica\/wp-json\/wp\/v2\/comments?post=60"}],"version-history":[{"count":3,"href":"http:\/\/revistaunar.com.br\/juridica\/wp-json\/wp\/v2\/pages\/60\/revisions"}],"predecessor-version":[{"id":158,"href":"http:\/\/revistaunar.com.br\/juridica\/wp-json\/wp\/v2\/pages\/60\/revisions\/158"}],"up":[{"embeddable":true,"href":"http:\/\/revistaunar.com.br\/juridica\/wp-json\/wp\/v2\/pages\/30"}],"wp:attachment":[{"href":"http:\/\/revistaunar.com.br\/juridica\/wp-json\/wp\/v2\/media?parent=60"}],"curies":[{"name":"wp","href":"https:\/\/api.w.org\/{rel}","templated":true}]}}