{"id":71,"date":"2014-08-25T18:23:48","date_gmt":"2014-08-25T18:23:48","guid":{"rendered":"http:\/\/revistaunar.com.br\/juridica\/?page_id=71"},"modified":"2014-09-03T12:58:26","modified_gmt":"2014-09-03T12:58:26","slug":"volume-5-no1-2013-2","status":"publish","type":"page","link":"http:\/\/revistaunar.com.br\/juridica\/numeros-publicados\/volume-5-no1-2013-2","title":{"rendered":"Volume 5-n\u00ba1-2013"},"content":{"rendered":"<p style=\"text-align: justify;\">SUM\u00c1RIO<\/p>\n<p style=\"text-align: justify;\"><a href=\"http:\/\/revistaunar.com.br\/juridica\/documentos\/vol5_n1_2013\/controlejuridiscional.pdf\">O CONTROLE JURISDICIONAL DA ADMINISTRA\u00c7\u00c3O P\u00daBLICA<\/a><br \/>\nJorge Roberto Viera Aguiar FILHO FLS. 2-19<\/p>\n<p style=\"text-align: justify;\"><a href=\"http:\/\/revistaunar.com.br\/juridica\/documentos\/vol5_n1_2013\/recursoespecial.pdf\">RECURSO ESPECIAL<\/a><br \/>\nNelson Pereira BATISTA Filho e Jonathan Felipe Barros FERREIRA DE LIMA FLS. 20-36<\/p>\n<p style=\"text-align: justify;\"><a href=\"http:\/\/revistaunar.com.br\/juridica\/documentos\/vol5_n1_2013\/trabalhoinfantil.pdf\">TRABALHO INFANTIL NO BRASIL<\/a><br \/>\nD\u00e9bora Fernanda Vieira LIMA<br \/>\nGlauco Robson BarbosaALVES JUNIOR<br \/>\nCaroline Maon Gomes CARLOS<br \/>\nNelson Pereira BATISTA Filho FLS. 37-55<\/p>\n<p style=\"text-align: justify;\"><a href=\"http:\/\/revistaunar.com.br\/juridica\/documentos\/vol5_n1_2013\/intervencaodoestado.pdf\">INTERVEN\u00c7\u00c3O DO ESTADO NA PROPRIEDADE PRIVADA<\/a><br \/>\nThiago Fuster NOGUEIRA e Francisco Rafael FERREIRA FLS. 56-80<\/p>\n<p style=\"text-align: justify;\"><a href=\"http:\/\/revistaunar.com.br\/juridica\/documentos\/vol5_n1_2013\/descartederesiduos.pdf\">&#8220;DESCARTE DE RES\u00cdDUOS GERADOS NA \u00c1REA DE SA\u00daDE NO BRASIL: &#8211; DO RISCO AO MEIO AMBIENTE \u00c0S PR\u00c1TICAS REGULARES DE DISPENSA\u00c7\u00c3O&#8221;<\/a><br \/>\nBruna Maria R\u00d6ESLER e Wilson Jos\u00e9 Figueiredo ALVES JUNIOR FLS. 81-87<\/p>\n<p style=\"text-align: justify;\"><a href=\"http:\/\/revistaunar.com.br\/juridica\/documentos\/vol5_n1_2013\/violenciasolitaria.pdf\">VIOL\u00caNCIA SOLIT\u00c1RIA. UMA ABORDAGEM FILOS\u00d3FICA POR FREUD E BAUMAN<\/a><br \/>\nWilliam Ricardo de Almeida MARCHI FLS. 88-97<\/p>\n","protected":false},"excerpt":{"rendered":"<p>SUM\u00c1RIO O CONTROLE JURISDICIONAL DA ADMINISTRA\u00c7\u00c3O P\u00daBLICA Jorge Roberto Viera Aguiar FILHO FLS. 2-19 RECURSO ESPECIAL Nelson Pereira BATISTA Filho e Jonathan Felipe Barros FERREIRA DE LIMA FLS. 20-36 TRABALHO INFANTIL NO BRASIL D\u00e9bora Fernanda Vieira LIMA Glauco Robson BarbosaALVES &hellip; <a href=\"http:\/\/revistaunar.com.br\/juridica\/numeros-publicados\/volume-5-no1-2013-2\">Continue lendo <span class=\"meta-nav\">&rarr;<\/span><\/a><\/p>\n","protected":false},"author":1,"featured_media":0,"parent":30,"menu_order":5,"comment_status":"open","ping_status":"open","template":"","meta":[],"_links":{"self":[{"href":"http:\/\/revistaunar.com.br\/juridica\/wp-json\/wp\/v2\/pages\/71"}],"collection":[{"href":"http:\/\/revistaunar.com.br\/juridica\/wp-json\/wp\/v2\/pages"}],"about":[{"href":"http:\/\/revistaunar.com.br\/juridica\/wp-json\/wp\/v2\/types\/page"}],"author":[{"embeddable":true,"href":"http:\/\/revistaunar.com.br\/juridica\/wp-json\/wp\/v2\/users\/1"}],"replies":[{"embeddable":true,"href":"http:\/\/revistaunar.com.br\/juridica\/wp-json\/wp\/v2\/comments?post=71"}],"version-history":[{"count":5,"href":"http:\/\/revistaunar.com.br\/juridica\/wp-json\/wp\/v2\/pages\/71\/revisions"}],"predecessor-version":[{"id":149,"href":"http:\/\/revistaunar.com.br\/juridica\/wp-json\/wp\/v2\/pages\/71\/revisions\/149"}],"up":[{"embeddable":true,"href":"http:\/\/revistaunar.com.br\/juridica\/wp-json\/wp\/v2\/pages\/30"}],"wp:attachment":[{"href":"http:\/\/revistaunar.com.br\/juridica\/wp-json\/wp\/v2\/media?parent=71"}],"curies":[{"name":"wp","href":"https:\/\/api.w.org\/{rel}","templated":true}]}}